{"id":3945,"date":"2016-11-08T23:36:53","date_gmt":"2016-11-08T23:36:53","guid":{"rendered":"http:\/\/www.likaisetlegendat.com\/?page_id=3945"},"modified":"2016-11-24T13:35:17","modified_gmt":"2016-11-24T13:35:17","slug":"popupkauppa","status":"publish","type":"page","link":"http:\/\/www.afterglow.fi\/likaisetlegendat\/popupkauppa\/","title":{"rendered":"Popupkauppa"},"content":{"rendered":"<div class=\"wpb-content-wrapper\">[vc_row][vc_column][vc_column_text]\n<h1 style=\"text-align: center;\">Pop\u00a0Up\u00a0Kauppa<\/h1>\n<p style=\"text-align: center;\">Klikkaa <a href=\"https:\/\/holvi.com\/shop\/cDsxq8\/\" target=\"_blank\">t\u00e4st\u00e4<\/a> kauppaan<\/p>\n[\/vc_column_text][vc_separator padding_top=&#8221;10&#8243; padding_bottom=&#8221;10&#8243;][\/vc_column][\/vc_row][vc_row][vc_column width=&#8221;1\/2&#8243;][vc_column_text]\n<h3>KUOLEMATON 2-LP<\/h3>\n<div class=\"\">Hinta 28 eur<\/div>\n[\/vc_column_text][vc_single_image image=&#8221;3950&#8243; img_size=&#8221;medium&#8221; onclick=&#8221;custom_link&#8221; img_link_target=&#8221;_blank&#8221; css_animation=&#8221;appear&#8221; link=&#8221;https:\/\/holvi.com\/shop\/cDsxq8\/&#8221; css=&#8221;.vc_custom_1479213182221{padding-bottom: 20px !important;}&#8221;][vc_column_text]\n<div class=\"\"><\/div>\n<div class=\"\"><span class=\"\">Vuoden 2005 klassikkoalbumi Kuolematon nyt ensimm\u00e4ist\u00e4 kertaa tuplavinyylin\u00e4. Mukana nelj\u00e4 bonuskappaletta, jotka julkaistiin alunperin levyn platinapainoksella syksyll\u00e4 2005. Gatefold-kansiin pakatussa albumissa mukana my\u00f6s CD, laulujen sanat sek\u00e4 Ilpo Rantasen kirjoittama saateteksti. Koko julkaisu on remasteroitu kes\u00e4ll\u00e4 2016. HUOM! Bonus-kappaleet eiv\u00e4t ole mukana Aikamatka-boksilla.\u00a0<\/span><\/div>\n<div class=\"\"><\/div>\n<div class=\"\">\n<div class=\"\">\n<p class=\"\">LP<br class=\"\" \/>Side A<br class=\"\" \/>1. Tie syd\u00e4meeni<br class=\"\" \/>2. Yksi askel liikaa<br class=\"\" \/>3. Rakkauden vahvistama<br class=\"\" \/>4. Jokainen saa rakastaa<\/p>\n<p class=\"\">Side B<br class=\"\" \/>1. Kuolemattomat<br class=\"\" \/>2. Oikee enkeli<br class=\"\" \/>3. Unta polttavaa<br class=\"\" \/>4. Syksy ottaa syd\u00e4men<br class=\"\" \/>5. Kuin s\u00e4vel oisi h\u00e4n<\/p>\n<p class=\"\">Side C<br class=\"\" \/>1. Viimeinen ilta<br class=\"\" \/>2. Nousevan auringon valoon<br class=\"\" \/>3. Pett\u00e4v\u00e4ll\u00e4 j\u00e4\u00e4ll\u00e4<br class=\"\" \/>4. Yhden y\u00f6n tarinat<\/p>\n<p class=\"\">Side D<br class=\"\" \/>1. Ducadam<br class=\"\" \/>2. Paljon enemm\u00e4n<br class=\"\" \/>3. Lentoon<br class=\"\" \/>4. Merkki<\/p>\n<p class=\"\">CD<br class=\"\" \/>1 Tie syd\u00e4meeni<br class=\"\" \/>2 Yksi askel liikaa<br class=\"\" \/>3 Rakkauden vahvistama<br class=\"\" \/>4 Jokainen saa rakastaa<br class=\"\" \/>5 Kuolemattomat<br class=\"\" \/>6 Oikee enkeli<br class=\"\" \/>7 Unta polttavaa<br class=\"\" \/>8 Syksy ottaa syd\u00e4men<br class=\"\" \/>9 Kuin s\u00e4vel oisi h\u00e4n<br class=\"\" \/>10 Viimeinen ilta<br class=\"\" \/>11 Nousevan auringon valoon<br class=\"\" \/>12 Pett\u00e4v\u00e4ll\u00e4 j\u00e4\u00e4ll\u00e4<br class=\"\" \/>13 Yhden y\u00f6n tarinat<br class=\"\" \/>14 Ducadam<br class=\"\" \/>15 Paljon enemm\u00e4n<br class=\"\" \/>16 Lentoon<br class=\"\" \/>17 Merkki<\/p>\n<\/div>\n<\/div>\n[\/vc_column_text][\/vc_column][vc_column width=&#8221;1\/2&#8243;][vc_column_text]\n<h3>AIKAMATKA 6-CD boksi<\/h3>\n<div class=\"\">Hinta 38 eur<\/div>\n[\/vc_column_text][vc_single_image image=&#8221;3952&#8243; img_size=&#8221;medium&#8221; onclick=&#8221;custom_link&#8221; img_link_target=&#8221;_blank&#8221; css_animation=&#8221;appear&#8221; link=&#8221;https:\/\/holvi.com\/shop\/cDsxq8\/&#8221; css=&#8221;.vc_custom_1479213191239{padding-bottom: 20px !important;}&#8221;][vc_column_text]\n<div class=\"\">\n<p class=\"\">Y\u00d6-YHTYEEN \u201dAIKAMATKA 1981-2016\u201d -BOKSI SIS\u00c4LT\u00c4\u00c4 KUUSI LEVY\u00c4, 107 BIISI\u00c4 JA TARINAT LAULUJEN TAKAA!<br class=\"\" \/>* Historiikkiboksi kokoaa yksiin kansiin yhtyeen 35-vuotisen uran\u00a0<br class=\"\" \/>* Kuudella levyll\u00e4 107 biisi\u00e4, mukana 36-sivuinen booklet<\/p>\n<p class=\"\">Y\u00f6n 35-vuotista uraa juhlistetaan k\u00e4ynniss\u00e4 olevan konserttikiertueen lis\u00e4ksi koko uran kattavalla kokoelmapaketilla, joka pit\u00e4\u00e4 sis\u00e4ll\u00e4\u00e4n kuusi levy\u00e4, 107 biisi\u00e4 ja 36-sivuisen kirjasen, josta l\u00f6ytyv\u00e4t tarinat jokaisen laulun takaa. Mittava \u201dAikamatka 1981-2016&#8243; -paketti julkaistiin perjantaina 4.11.2016.<\/p>\n<p class=\"\">\u201dOlemme kosketinsoittaja-tuottaja Mikko Kangasj\u00e4rven sek\u00e4 toimittaja-promoottori Vesa Kontiaisen kanssa k\u00e4yneet l\u00e4pi useita satoja Y\u00f6-biisej\u00e4 ja nostaneet julkaisulle mielest\u00e4mme paitsi unohtumattomimmat hitit my\u00f6s mielenkiintoisimmat arkistol\u00f6yd\u00f6t\u201d, kommentoi Olli Lindholm biisivalintaurakkaa.<\/p>\n<p class=\"\">Boksi sis\u00e4lt\u00e4\u00e4 Y\u00f6-klassikoita ja harvinaisuuksia alkaen vuoden 1981 ensimm\u00e4isest\u00e4 keikasta p\u00e4\u00e4tyen viime vuosien j\u00e4ttihitteihin. Rakastetuimpien hittien lis\u00e4ksi boksille on valikoitunut mukaan muun muassa singlejen B-puolia, demoja, livetallenteita, vaihtoehtoisia versioita tunnetuista kappaleista ja ennenjulkaisematonta materiaalia. &#8221;Kyseess\u00e4 on paitsi fanien ker\u00e4ilyharvinaisuus my\u00f6s helpotusta is\u00e4np\u00e4iv\u00e4- tai joululahjap\u00e4hk\u00e4ilyyn!\u201d, vinkkaa Lindholm.<\/p>\n<p class=\"\">\n<\/div>\n[\/vc_column_text][vc_accordion][vc_accordion_tab title=&#8221;CD 1&#8243;][vc_column_text]\n<p>CD 1<br class=\"\" \/>80-luku<br class=\"\" \/>1. Likaiset legendat I<br class=\"\" \/>2. S\u00e4rkynyt enkeli<br class=\"\" \/>3. Yhden illan varietee<br class=\"\" \/>4. Vain varjot h\u00e4nt\u00e4 seuraa<br class=\"\" \/>5. P\u00e4iv\u00e4ns\u00e4de ja mennink\u00e4inen<br class=\"\" \/>6. Laulu meille kahdelle (single mix)<br class=\"\" \/>7. Joutsenlaulu<br class=\"\" \/>8. H\u00e4\u00e4t<br class=\"\" \/>9. Kuorotytt\u00f6<br class=\"\" \/>10. Niin paljon me teihin luotettiin (2002 remix)<br class=\"\" \/>11. Enkelille<br class=\"\" \/>12. Tuhat kilometri\u00e4 luotasi<br class=\"\" \/>13. Lasisilm\u00e4<br class=\"\" \/>14. Leijat<br class=\"\" \/>15. Tia-Maria<br class=\"\" \/>16. T\u00e4\u00e4 kes\u00e4<br class=\"\" \/>17. Pojat<br class=\"\" \/>18. Laulu rakkaudelle<br class=\"\" \/>19. Kaipaan luoksesi kotiin<\/p>\n[\/vc_column_text][\/vc_accordion_tab][vc_accordion_tab title=&#8221;CD 2&#8243;][vc_column_text]\n<p class=\"\">CD 2<br class=\"\" \/>90-luku<br class=\"\" \/>1. Vie mut minne vaan<br class=\"\" \/>2. Viivy aamukuuteen<br class=\"\" \/>3. Syksyn raskaat askeleet<br class=\"\" \/>4. T\u00e4\u00e4lt\u00e4 tulee y\u00f6<br class=\"\" \/>5. Kuuhullu<br class=\"\" \/>6. Angelique<br class=\"\" \/>7. Kiertolainen<br class=\"\" \/>8. Mustat p\u00e4iv\u00e4t j\u00e4\u00e4d\u00e4 saa<br class=\"\" \/>9. Kun kohdataan<br class=\"\" \/>10. Ihmisen poika<br class=\"\" \/>11. Sua muistoistani pois en saa<br class=\"\" \/>12. Y\u00f6t\u00e4 vastaanottamaan<br class=\"\" \/>13. Satelliitit<br class=\"\" \/>14. Miehen tie<br class=\"\" \/>15. Hetki kahden<br class=\"\" \/>16. Kuljettaa kev\u00e4inen tie<br class=\"\" \/>17. Pilvenpiirt\u00e4j\u00e4t<br class=\"\" \/>18. Kultasiipi<\/p>\n[\/vc_column_text][\/vc_accordion_tab][vc_accordion_tab title=&#8221;CD 3&#8243;][vc_column_text]\n<p>CD 3<br class=\"\" \/>Vuodet 2001\u20132005<br class=\"\" \/>1. S\u00e4rkyv\u00e4\u00e4<br class=\"\" \/>2. Mysteeri<br class=\"\" \/>3. H\u00e4n tanssi kanssa enkeleiden<br class=\"\" \/>4. Sunnuntaisin kuolee kuninkaat<br class=\"\" \/>5. Katujen kuningatar<br class=\"\" \/>6. Kaksintaistelu<br class=\"\" \/>7. Sano ett\u00e4 j\u00e4\u00e4t<br class=\"\" \/>8. Rakkaus on lumivalkoinen<br class=\"\" \/>9. Karheaa ja kaunista<br class=\"\" \/>10. Se kerran kirpaisee<br class=\"\" \/>11. Etk\u00f6 unta saa?<br class=\"\" \/>12. Rakkauden vahvistama (original mix)<br class=\"\" \/>13. Pett\u00e4v\u00e4ll\u00e4 j\u00e4\u00e4ll\u00e4<br class=\"\" \/>14. Yksi askel liikaa<br class=\"\" \/>15. Tie syd\u00e4meeni<br class=\"\" \/>16. Oikee enkeli******<br class=\"\" \/>17. Viimeinen ilta<\/p>\n[\/vc_column_text][\/vc_accordion_tab][vc_accordion_tab title=&#8221;CD 4&#8243;][vc_column_text]\n<p>CD 4<br class=\"\" \/>Vuodet 2006\u20132016<br class=\"\" \/>1. Satukirjan sankari<br class=\"\" \/>2. Rakkautta vain?<br class=\"\" \/>3. Taikasanat<br class=\"\" \/>4. Y\u00f6<br class=\"\" \/>5. Loisto<br class=\"\" \/>6. Kiitos ja kunnia<br class=\"\" \/>7. Parrasvalot<br class=\"\" \/>8. Onnen hohteessa******<br class=\"\" \/>9. T\u00e4llaisina aikoina<br class=\"\" \/>10. Pelko ja rakkaus<br class=\"\" \/>11. Syyt syntyjen<br class=\"\" \/>12. Helmoista taivaan (single mix)<br class=\"\" \/>13. Hyv\u00e4ss\u00e4 ja pahassa<br class=\"\" \/>14. J\u00e4\u00e4n sun viereen<br class=\"\" \/>15. Ei synti\u00e4 sen kauniimpaa<br class=\"\" \/>16. Minne tuulet vie<br class=\"\" \/>17. Erakko<\/p>\n[\/vc_column_text][\/vc_accordion_tab][vc_accordion_tab title=&#8221;CD 5&#8243;][vc_column_text]\n<p>CD 5<br class=\"\" \/>Arkistojen aarteet 1<br class=\"\" \/>1. Aika*<br class=\"\" \/>2. Tuuli viilenee*<br class=\"\" \/>3. Viaton*<br class=\"\" \/>4. Raitilla*<br class=\"\" \/>5. El\u00e4m\u00e4ss\u00e4 eksyneet*<br class=\"\" \/>6. Likaiset legendat I**<br class=\"\" \/>7. Raaputtamalla rakkautta**<br class=\"\" \/>8. Kuljen**<br class=\"\" \/>9. Hetki ly\u00f6****<br class=\"\" \/>10. Hyv\u00e4\u00e4 y\u00f6t\u00e4 maailma****<br class=\"\" \/>11. Vain yksi mies<br class=\"\" \/>voi nostaa myrskyn****<br class=\"\" \/>12. Raunioilla***<br class=\"\" \/>13. Deadline***<br class=\"\" \/>14. Joutsenlaulu***<br class=\"\" \/>15. Pudonneet***<br class=\"\" \/>16. Tyhj\u00e4\u00e4***<br class=\"\" \/>17. Parrasvalot (single edit)<br class=\"\" \/>18. Syd\u00e4meeni joulun teen*<\/p>\n[\/vc_column_text][\/vc_accordion_tab][vc_accordion_tab title=&#8221;CD 6&#8243;][vc_column_text]\n<p>Arkistojen aarteet 2<br class=\"\" \/>1. Elina*****<br class=\"\" \/>2. Kiitos ett\u00e4 olet*****<br class=\"\" \/>3. Suuri rakkaus*****<br class=\"\" \/>4. Y\u00f6t\u00e4 vastaanottamaan**<br class=\"\" \/>5. Olen yksin****<br class=\"\" \/>6. Tahdoin taas****<br class=\"\" \/>7. Pieni ihminen<br class=\"\" \/>suuressa maailmassa***<br class=\"\" \/>8. Yhden illan varietee***<br class=\"\" \/>9. Fiilaten ja h\u00f6yl\u00e4ten***<br class=\"\" \/>10. Ei yksin\u00e4inen unta saa***<br class=\"\" \/>11. Sameassa vedess\u00e4***<br class=\"\" \/>12. Etk\u00f6 unta saa?******<br class=\"\" \/>13. Sano ett\u00e4 j\u00e4\u00e4t (TT Oksala remix)<br class=\"\" \/>14. Tie syd\u00e4meeni******<br class=\"\" \/>15. \u00c4\u00e4ni sis\u00e4ll\u00e4ni******<br class=\"\" \/>16. Erakko******<br class=\"\" \/>17. Tahroja paperilla<br class=\"\" \/>18. Kahdestoista kuu<\/p>\n[\/vc_column_text][\/vc_accordion_tab][\/vc_accordion][vc_column_text]\n<p class=\"\">* = singlen b-puoli tai 2. kappale<br class=\"\" \/>** = ennenjulkaisematon demo<br class=\"\" \/>*** = ennenjulkaisematon live<br class=\"\" \/>**** = live<br class=\"\" \/>***** = ennenjulkaisematon kappale<br class=\"\" \/>****** = ennenjulkaisematon vaihtoehtoinen versio<\/p>\n[\/vc_column_text][\/vc_column][\/vc_row][vc_row][vc_column][vc_separator padding_top=&#8221;10&#8243; padding_bottom=&#8221;10&#8243;][vc_single_image image=&#8221;3967&#8243; img_size=&#8221;large&#8221; alignment=&#8221;center&#8221; style=&#8221;vc_box_shadow_border&#8221; onclick=&#8221;custom_link&#8221; img_link_target=&#8221;_blank&#8221; css_animation=&#8221;appear&#8221; link=&#8221;https:\/\/holvi.com\/shop\/cDsxq8\/&#8221; css=&#8221;.vc_custom_1479213107263{padding-top: 20px !important;padding-bottom: 20px !important;}&#8221;][vc_column_text]\n<div class=\"\" style=\"text-align: center;\"><\/div>\n<div class=\"\" style=\"text-align: center;\"><strong>Bundle: Boksi ja Tuplavinyyli yhteishintaan 61 eur (5 eur alennus!). Mukaan pakettiin kaupanp\u00e4\u00e4lle 10 Y\u00f6-postikorttia.<\/strong><\/div>\n<div class=\"\" style=\"text-align: center;\"><strong>\u00a0<\/strong><\/div>\n<div class=\"\" style=\"text-align: center;\"><strong>Postikulut 6\u00a0eur, riippumatta tilaako yhden vai useamman tuotteen.<\/strong><\/div>\n[\/vc_column_text][\/vc_column][\/vc_row]\n<\/div>","protected":false},"excerpt":{"rendered":"<p>[vc_row][vc_column][vc_column_text] Pop\u00a0Up\u00a0Kauppa Klikkaa t\u00e4st\u00e4 kauppaan [\/vc_column_text][vc_separator padding_top=&#8221;10&#8243; padding_bottom=&#8221;10&#8243;][\/vc_column][\/vc_row][vc_row][vc_column width=&#8221;1\/2&#8243;][vc_column_text] KUOLEMATON 2-LP Hinta 28 eur [\/vc_column_text][vc_single_image image=&#8221;3950&#8243; img_size=&#8221;medium&#8221; onclick=&#8221;custom_link&#8221; img_link_target=&#8221;_blank&#8221; css_animation=&#8221;appear&#8221; link=&#8221;https:\/\/holvi.com\/shop\/cDsxq8\/&#8221; css=&#8221;.vc_custom_1479213182221{padding-bottom: 20px !important;}&#8221;][vc_column_text] Vuoden 2005 klassikkoalbumi Kuolematon nyt ensimm\u00e4ist\u00e4 kertaa tuplavinyylin\u00e4. Mukana nelj\u00e4 bonuskappaletta, jotka julkaistiin alunperin levyn platinapainoksella syksyll\u00e4 2005. Gatefold-kansiin pakatussa albumissa mukana my\u00f6s CD, laulujen sanat sek\u00e4 Ilpo Rantasen kirjoittama saateteksti.&hellip;<\/p>\n","protected":false},"author":1,"featured_media":0,"parent":0,"menu_order":0,"comment_status":"closed","ping_status":"closed","template":"kauppapage.php","meta":{"footnotes":""},"class_list":["post-3945","page","type-page","status-publish","hentry"],"_links":{"self":[{"href":"http:\/\/www.afterglow.fi\/likaisetlegendat\/wp-json\/wp\/v2\/pages\/3945","targetHints":{"allow":["GET"]}}],"collection":[{"href":"http:\/\/www.afterglow.fi\/likaisetlegendat\/wp-json\/wp\/v2\/pages"}],"about":[{"href":"http:\/\/www.afterglow.fi\/likaisetlegendat\/wp-json\/wp\/v2\/types\/page"}],"author":[{"embeddable":true,"href":"http:\/\/www.afterglow.fi\/likaisetlegendat\/wp-json\/wp\/v2\/users\/1"}],"replies":[{"embeddable":true,"href":"http:\/\/www.afterglow.fi\/likaisetlegendat\/wp-json\/wp\/v2\/comments?post=3945"}],"version-history":[{"count":24,"href":"http:\/\/www.afterglow.fi\/likaisetlegendat\/wp-json\/wp\/v2\/pages\/3945\/revisions"}],"predecessor-version":[{"id":3990,"href":"http:\/\/www.afterglow.fi\/likaisetlegendat\/wp-json\/wp\/v2\/pages\/3945\/revisions\/3990"}],"wp:attachment":[{"href":"http:\/\/www.afterglow.fi\/likaisetlegendat\/wp-json\/wp\/v2\/media?parent=3945"}],"curies":[{"name":"wp","href":"https:\/\/api.w.org\/{rel}","templated":true}]}}