{"id":3383,"date":"2016-05-19T10:31:19","date_gmt":"2016-05-19T10:31:19","guid":{"rendered":"http:\/\/ccln004.capnova.com\/~likaiset\/?page_id=3383"},"modified":"2024-12-11T21:43:53","modified_gmt":"2024-12-11T21:43:53","slug":"yhteystiedot","status":"publish","type":"page","link":"https:\/\/www.afterglow.fi\/likaisetlegendat\/yhteystiedot\/","title":{"rendered":"Yhteystiedot"},"content":{"rendered":"<div class=\"wpb-content-wrapper\">[vc_row][vc_column][vc_column_text]\n<div class=\"\"><strong>Y\u00f6-yhtye:\u00a0<\/strong><\/div>\n<div class=\"\"><\/div>\n<div class=\"\"><a class=\"\" href=\"mailto:likaisetlegendat@gmail.com\">likaisetlegendat@gmail.com<\/a><\/div>\n<div class=\"\"><\/div>\n<div><\/div>\n<div class=\"\">\n<div class=\"\"><\/div>\n<\/div>\n[\/vc_column_text][vc_column_text css=&#8221;.vc_custom_1733953430726{padding-top: 10px !important;}&#8221;]\n<div><\/div>\n<div class=\"\"><strong>Keikat:<\/strong><br \/>\nWarner Music Live \/ Niina Jalonen<br \/>\n<a href=\"mailto:niina.jalonen@warnermusic.com\">niina.jalonen@warnermusic.com<\/a><br \/>\n040 568 3242<\/div>\n<div class=\"\"><span class=\"\">\u00a0<\/span><\/div>\n[\/vc_column_text][vc_column_text]\n<div class=\"\"><\/div>\n<div class=\"\"><strong><span class=\"\" style=\"color: #303030; font-family: Open Sans, Arial, Helvetica, sans-serif;\"><span class=\"\">WEB-SIVUT<\/span><\/span><\/strong><\/div>\n<div class=\"\"><span class=\"\" style=\"color: #303030; font-family: Open Sans, Arial, Helvetica, sans-serif;\"><span class=\"\">\u00a0<\/span><\/span><\/div>\n<div class=\"\">\n<p class=\"\"><strong class=\"\">Historia<\/strong>: Olli Lindholm, Jussi Hakulinen, Jesu H\u00e4m\u00e4l\u00e4inen, Mikko Kangasj\u00e4rvi, Johnny-Kaj Forssell, Jari Latomaa<\/p>\n<p class=\"\"><strong class=\"\">Diskografia<\/strong>: Mikko Kangasj\u00e4rvi, Teemu Lehtim\u00e4ki. Kiitokset: Kari Lahtinen, Vesa Kontiainen, Janne Lahti, Teosto<br class=\"\" \/><strong class=\"\"><br class=\"\" \/>Graafinen suunnittelu ja koodaus<\/strong>: Jan \u00d6rkki Yrlund \/\u00a0<a class=\"\" href=\"http:\/\/www.darkgrove.net\/\" target=\"_blank\" rel=\"noopener noreferrer\">www.darkgrove.net<\/a><\/p>\n<div class=\"\"><strong class=\"\">Valokuvat<\/strong>: Harri Hinkka, Kari Lahtinen, Marek Sabogal, Jokke J\u00e4rvinen, Timo J\u00e4rvenp\u00e4\u00e4, Esa Kyyr\u00f6, Johnny-Kaj Forssell, Sami Helenius, Manki Penttinen. Galleria-osiossa kuvaajat mainittu kuvien yhteydess\u00e4.<\/div>\n<\/div>\n[\/vc_column_text][\/vc_column][\/vc_row]\n<\/div>","protected":false},"excerpt":{"rendered":"<p>[vc_row][vc_column][vc_column_text] Y\u00f6-yhtye:\u00a0 likaisetlegendat@gmail.com [\/vc_column_text][vc_column_text css=&#8221;.vc_custom_1733953430726{padding-top: 10px !important;}&#8221;] Keikat: Warner Music Live \/ Niina Jalonen niina.jalonen@warnermusic.com 040 568 3242 \u00a0 [\/vc_column_text][vc_column_text] WEB-SIVUT \u00a0 Historia: Olli Lindholm, Jussi Hakulinen, Jesu H\u00e4m\u00e4l\u00e4inen, Mikko Kangasj\u00e4rvi, Johnny-Kaj Forssell, Jari Latomaa Diskografia: Mikko Kangasj\u00e4rvi, Teemu Lehtim\u00e4ki. Kiitokset: Kari Lahtinen, Vesa Kontiainen, Janne Lahti, TeostoGraafinen suunnittelu ja koodaus: Jan \u00d6rkki Yrlund \/\u00a0www.darkgrove.net&hellip;<\/p>\n","protected":false},"author":1,"featured_media":0,"parent":0,"menu_order":0,"comment_status":"closed","ping_status":"closed","template":"","meta":{"footnotes":""},"class_list":["post-3383","page","type-page","status-publish","hentry"],"_links":{"self":[{"href":"https:\/\/www.afterglow.fi\/likaisetlegendat\/wp-json\/wp\/v2\/pages\/3383","targetHints":{"allow":["GET"]}}],"collection":[{"href":"https:\/\/www.afterglow.fi\/likaisetlegendat\/wp-json\/wp\/v2\/pages"}],"about":[{"href":"https:\/\/www.afterglow.fi\/likaisetlegendat\/wp-json\/wp\/v2\/types\/page"}],"author":[{"embeddable":true,"href":"https:\/\/www.afterglow.fi\/likaisetlegendat\/wp-json\/wp\/v2\/users\/1"}],"replies":[{"embeddable":true,"href":"https:\/\/www.afterglow.fi\/likaisetlegendat\/wp-json\/wp\/v2\/comments?post=3383"}],"version-history":[{"count":9,"href":"https:\/\/www.afterglow.fi\/likaisetlegendat\/wp-json\/wp\/v2\/pages\/3383\/revisions"}],"predecessor-version":[{"id":4725,"href":"https:\/\/www.afterglow.fi\/likaisetlegendat\/wp-json\/wp\/v2\/pages\/3383\/revisions\/4725"}],"wp:attachment":[{"href":"https:\/\/www.afterglow.fi\/likaisetlegendat\/wp-json\/wp\/v2\/media?parent=3383"}],"curies":[{"name":"wp","href":"https:\/\/api.w.org\/{rel}","templated":true}]}}