{"id":3783,"date":"2016-05-28T18:49:59","date_gmt":"2016-05-28T18:49:59","guid":{"rendered":"http:\/\/ccln004.capnova.com\/~likaiset\/?page_id=3783"},"modified":"2016-05-28T18:49:59","modified_gmt":"2016-05-28T18:49:59","slug":"dvdt","status":"publish","type":"page","link":"https:\/\/www.afterglow.fi\/likaisetlegendat\/dvdt\/","title":{"rendered":"DVDt"},"content":{"rendered":"<div class=\"sidi\"><ul class=\"sidi-thumbnail\"><li id=\"sidi-3776\" class=\"sidi-album list-style-none discs-hidden clearfix\"><div class=\"sidi-cover\"><a title=\"Live DVD Hartwall Areena 2012\" class=\"sidi-cover-link\" href=\"https:\/\/www.afterglow.fi\/likaisetlegendat\/wp-json\/wp\/v2\/pages\/3783?alb=3776\" ><img loading=\"lazy\" decoding=\"async\" width=\"150\" height=\"150\" src=\"https:\/\/www.afterglow.fi\/likaisetlegendat\/wp-content\/uploads\/2016\/05\/dvdkansi-150x150.jpg\" class=\"attachment-150x150\" style=\"\" alt=\"Cover : Live DVD Hartwall Areena 2012\"\/><\/a><div class=\"sidi-thumbnail-title\"><div class=\"sidi-thumbnail-title-link\"><a href=\"https:\/\/www.afterglow.fi\/likaisetlegendat\/discography\/live-dvd-hartwall-areena-2012\/\">Live DVD Hartwall Areena 2012<\/a><\/div><div class=\"sidi-thumbnail-arrow\">  <span class=\"arrow\"><\/span><\/div><\/div><\/div><div class=\"sidi-content\"><div class=\"sidi-header clearfix\"><H2 class=\"sidi-album-title\"><a href=\"https:\/\/www.afterglow.fi\/likaisetlegendat\/discography\/live-dvd-hartwall-areena-2012\/\">Live DVD Hartwall Areena 2012<\/a><\/H2><span class=\"sidi-release\">12<\/span><\/div><div class=\"sidi-excerpt\">DVD:N BIISILISTA: 1. Intro 2. Likaiset legendat I 3. S\u00e4rkynyt enkeli 4. Kuorotytt\u00f6 5. Laulu rakkaudelle 6. Tia-Maria 7. Sunnuntaisin kuolee kuninkaat 8. Joutsenlaulu 9. Oikee enkeli 10. Onnen hohteessa 11. Ohikiit\u00e4v\u00e4\u00e4 12. Kuin s\u00e4vel oisi h\u00e4n 13. Ihmisen poika 14. Potpuri: Tuhat kilometri\u00e4 luotasi \/ Lasisilm\u00e4 \/ Kuuhullu \/ Kiertolainen \/ Satelliitit \/ En <a title=\"Read More\" href=\"https:\/\/www.afterglow.fi\/likaisetlegendat\/discography\/live-dvd-hartwall-areena-2012\/\">[...]<\/a><\/div><\/div><\/li><li id=\"sidi-3778\" class=\"sidi-album list-style-none discs-hidden clearfix\"><div class=\"sidi-cover\"><a title=\"Kolmen Illan Varietee (DVD) 2006\" class=\"sidi-cover-link\" href=\"https:\/\/www.afterglow.fi\/likaisetlegendat\/wp-json\/wp\/v2\/pages\/3783?alb=3778\" ><img loading=\"lazy\" decoding=\"async\" width=\"150\" height=\"150\" src=\"https:\/\/www.afterglow.fi\/likaisetlegendat\/wp-content\/uploads\/2016\/05\/varieteedvd-150x150.jpg\" class=\"attachment-150x150\" style=\"\" alt=\"Cover : Kolmen Illan Varietee (DVD) 2006\"\/><\/a><div class=\"sidi-thumbnail-title\"><div class=\"sidi-thumbnail-title-link\"><a href=\"https:\/\/www.afterglow.fi\/likaisetlegendat\/discography\/kolmen-illan-varietee-dvd-2006\/\">Kolmen Illan Varietee (DVD) 2006<\/a><\/div><div class=\"sidi-thumbnail-arrow\">  <span class=\"arrow\"><\/span><\/div><\/div><\/div><div class=\"sidi-content\"><div class=\"sidi-header clearfix\"><H2 class=\"sidi-album-title\"><a href=\"https:\/\/www.afterglow.fi\/likaisetlegendat\/discography\/kolmen-illan-varietee-dvd-2006\/\">Kolmen Illan Varietee (DVD) 2006<\/a><\/H2><span class=\"sidi-release\">06<\/span><\/div><div class=\"sidi-excerpt\">Livetaltiointi Raumanmeren Juhannuksesta (3 DVD) Marraskuu 2006 DVD 1: 1. Likaiset Legendat I 2. Niin paljon me teihin luotettiin 3. Ei voi el\u00e4\u00e4 rakkaudesta 4. Vain varjot h\u00e4nt\u00e4 seuraa 5. Lasisilm\u00e4 6. Pieni ihminen suuressa maailmassa 7. Yhden illan varietee 8. P\u00e4iv\u00e4ns\u00e4de ja mennink\u00e4inen 9. En saanut sua pilviin 10. Tuhat kilometri\u00e4 luotasi 11. Tia-Maria <a title=\"Read More\" href=\"https:\/\/www.afterglow.fi\/likaisetlegendat\/discography\/kolmen-illan-varietee-dvd-2006\/\">[...]<\/a><\/div><\/div><\/li><li id=\"sidi-3780\" class=\"sidi-album list-style-none discs-hidden clearfix\"><div class=\"sidi-cover\"><a title=\"Y\u00f6 Live &#8211; 20-vuotisjuhlakonsertti (DVD) 2002\" class=\"sidi-cover-link\" href=\"https:\/\/www.afterglow.fi\/likaisetlegendat\/wp-json\/wp\/v2\/pages\/3783?alb=3780\" ><img loading=\"lazy\" decoding=\"async\" width=\"104\" height=\"150\" src=\"https:\/\/www.afterglow.fi\/likaisetlegendat\/wp-content\/uploads\/2016\/05\/videokansi2.jpg\" class=\"attachment-104x150\" style=\"\" alt=\"Cover : Y\u00f6 Live &#8211; 20-vuotisjuhlakonsertti (DVD) 2002\"\/><\/a><div class=\"sidi-thumbnail-title\"><div class=\"sidi-thumbnail-title-link\"><a href=\"https:\/\/www.afterglow.fi\/likaisetlegendat\/discography\/yo-live-20-vuotisjuhlakonsertti-dvd-2002\/\">Y\u00f6 Live &#8211; 20-vuotisjuhlakonsertti (DVD) 2002<\/a><\/div><div class=\"sidi-thumbnail-arrow\">  <span class=\"arrow\"><\/span><\/div><\/div><\/div><div class=\"sidi-content\"><div class=\"sidi-header clearfix\"><H2 class=\"sidi-album-title\"><a href=\"https:\/\/www.afterglow.fi\/likaisetlegendat\/discography\/yo-live-20-vuotisjuhlakonsertti-dvd-2002\/\">Y\u00f6 Live &#8211; 20-vuotisjuhlakonsertti (DVD) 2002<\/a><\/H2><span class=\"sidi-release\">02<\/span><\/div><div class=\"sidi-excerpt\">POKODVD 3 PV3 (VHS) Huhtikuu 2002 1. Pieni Ihminen Suuressa Maailmassa (S\u00e4v.\/San. Jussi Hakulinen \/ Sov. Y\u00f6) 2. Rakkauden Symbioosi (S\u00e4v.\/San. Jussi Hakulinen \/ Sov. Y\u00f6) 3. Ei Voi El\u00e4\u00e4 Rakkaudesta (S\u00e4v.\/San. Jussi Hakulinen \/ Sov. Y\u00f6) 4. Likaiset Legendat I (S\u00e4v.\/San. Jussi Hakulinen \/ Sov. Y\u00f6) 5. En Saanut Sua Pilviin (S\u00e4v.\/San. Jussi Hakulinen <a title=\"Read More\" href=\"https:\/\/www.afterglow.fi\/likaisetlegendat\/discography\/yo-live-20-vuotisjuhlakonsertti-dvd-2002\/\">[...]<\/a><\/div><\/div><\/li><\/ul><\/div>\n<p>&nbsp;<\/p>\n","protected":false},"excerpt":{"rendered":"<p>&nbsp;<\/p>\n","protected":false},"author":1,"featured_media":0,"parent":0,"menu_order":0,"comment_status":"closed","ping_status":"closed","template":"page-full.php","meta":{"footnotes":""},"class_list":["post-3783","page","type-page","status-publish","hentry"],"_links":{"self":[{"href":"https:\/\/www.afterglow.fi\/likaisetlegendat\/wp-json\/wp\/v2\/pages\/3783","targetHints":{"allow":["GET"]}}],"collection":[{"href":"https:\/\/www.afterglow.fi\/likaisetlegendat\/wp-json\/wp\/v2\/pages"}],"about":[{"href":"https:\/\/www.afterglow.fi\/likaisetlegendat\/wp-json\/wp\/v2\/types\/page"}],"author":[{"embeddable":true,"href":"https:\/\/www.afterglow.fi\/likaisetlegendat\/wp-json\/wp\/v2\/users\/1"}],"replies":[{"embeddable":true,"href":"https:\/\/www.afterglow.fi\/likaisetlegendat\/wp-json\/wp\/v2\/comments?post=3783"}],"version-history":[{"count":1,"href":"https:\/\/www.afterglow.fi\/likaisetlegendat\/wp-json\/wp\/v2\/pages\/3783\/revisions"}],"predecessor-version":[{"id":3784,"href":"https:\/\/www.afterglow.fi\/likaisetlegendat\/wp-json\/wp\/v2\/pages\/3783\/revisions\/3784"}],"wp:attachment":[{"href":"https:\/\/www.afterglow.fi\/likaisetlegendat\/wp-json\/wp\/v2\/media?parent=3783"}],"curies":[{"name":"wp","href":"https:\/\/api.w.org\/{rel}","templated":true}]}}